{"id":1088,"date":"2019-02-27T15:30:06","date_gmt":"2019-02-27T12:30:06","guid":{"rendered":"https:\/\/alpinpro.eu\/?page_id=1088"},"modified":"2022-06-15T02:22:18","modified_gmt":"2022-06-15T00:22:18","slug":"entstaubung","status":"publish","type":"page","link":"https:\/\/alpinpro.eu\/de\/entstaubung\/","title":{"rendered":"\u041e\u0431\u0435\u0441\u043f\u044b\u043b\u0438\u0432\u0430\u043d\u0438\u0435 de"},"content":{"rendered":"<section class=\"l-section wpb_row us_custom_6df4bc3a main has_text_color height_large with_img\"><div class=\"l-section-img\" style=\"background-image: url(https:\/\/alpinpro.eu\/wp-content\/uploads\/2019\/02\/51.jpg);background-position: top center;\" data-img-width=\"2000\" data-img-height=\"1200\"><\/div><div class=\"l-section-overlay\" style=\"background:rgba(158,156,161,0.44)\"><\/div><div class=\"l-section-h i-cf\"><div class=\"g-cols vc_row via_grid cols_1 laptops-cols_inherit tablets-cols_inherit mobiles-cols_1 valign_middle type_default stacking_default\"><div class=\"wpb_column vc_column_container\"><div class=\"vc_column-inner\"><div id=\"ultimate-heading-584669f876d622765\" class=\"uvc-heading ult-adjust-bottom-margin ultimate-heading-584669f876d622765 uvc-2302 head-title\" data-hspacer=\"line_only\"  data-halign=\"center\" style=\"text-align:center\"><div class=\"uvc-main-heading ult-responsive\"  data-ultimate-target='.uvc-heading.ultimate-heading-584669f876d622765 h2'  data-responsive-json-new='{\"font-size\":\"desktop:42px;mobile:25px;\",\"line-height\":\"\"}' ><h2 style=\"font-weight:bold;\">Alpinpro<\/h2><\/div><div class=\"uvc-heading-spacer line_only\" style=\"margin-bottom:3%;height:0.5px;\"><span class=\"uvc-headings-line\" style=\"border-style:solid;border-bottom-width:0.5px;border-color:#ffffff;width:270px;\"><\/span><\/div><div class=\"uvc-sub-heading ult-responsive\"  data-ultimate-target='.uvc-heading.ultimate-heading-584669f876d622765 .uvc-sub-heading '  data-responsive-json-new='{\"font-size\":\"desktop:22px;mobile:18px;\",\"line-height\":\"\"}'  style=\"font-weight:normal;margin-bottom:3%;\">Entstaubung<\/div><\/div><\/div><\/div><\/div><\/div><\/section><section class=\"l-section wpb_row height_medium\"><div class=\"l-section-h i-cf\"><div class=\"g-cols vc_row via_grid cols_1 laptops-cols_inherit tablets-cols_inherit mobiles-cols_1 valign_top type_default stacking_default\"><div class=\"wpb_column vc_column_container\"><div class=\"vc_column-inner\"><div class=\"wpb_text_column\"><div class=\"wpb_wrapper\"><p><b>Das Reinigen<\/b> schwerzug\u00e4nglicher Stellen <b>von Staub<\/b> und Schmutz, wie Stahlbinder, Laternen, Scheinwerfer, Tragkonstruktionen, Deckenbalken, Kommunikationstechnik, Decken und W\u00e4nde, ist die Aufgabe von Industriekletterern. Im Regelfall ist <b>die Entstaubung in der H\u00f6he<\/b> ein notwendiger Vorgang f\u00fcr Produktionsst\u00e4tten, Einkaufszentren, Sportst\u00e4tten und andere gro\u00dfe R\u00e4umlichkeiten.<\/p>\n<p>Staub auf Strukturen und Oberfl\u00e4chen mit schwerem Zugang ist das Problem f\u00fcr das Unternehmen. Je nach T\u00e4tigkeitsbereich des Unternehmens k\u00f6nnen Staubansammlungen giftig und gef\u00e4hrlich sein und auch die Gesundheit des Personals beeintr\u00e4chtigen.<\/p>\n<p>Bei Arbeiten zur Entstaubung die Industriekletterer benutzen spezielle Staubsauger mit ausreichender Leistung und gleichzeitig kompakten Abmessungen. Die Orte, die mit einem Staubsauger nicht erreicht werden k\u00f6nnen, werden mit B\u00fcrsten und einem Kompressor behandelt.<\/p>\n<p>Die Entstaubung durch Industriekletterer erfolgt in Industrieanlagen. Einkaufszentren, Sportanlagen, Kultur und Unterhaltung Anlagen; Komplexe, Stadien &#8211; fast alle dieser Bauten haben auf einer H\u00f6he gelegene Strukturen, und die Reinigung von Staub und Verschmutzungen von diesen Objekten wird nur mittels Industrieklettern durchgef\u00fchrt.<\/p>\n<p>Die Kosten f\u00fcr die <b>Entstaubung von Bauwerken<\/b> werden von einigen Faktoren bestimmt &#8211; von der Raumfl\u00e4che, der Zusammensetzung und der Menge an Staub und Schmutz sowie der Komplexit\u00e4t des Zugangs. Wir arbeiten in Litauen und EU-L\u00e4ndern.<\/p>\n<p>Rufen Sie an, die Industriekletterer unseres Unternehmens k\u00f6nnen alle Aufgaben im Bereich Entstaubung und Reinigung der Oberfl\u00e4che erledigen!<\/p>\n<\/div><\/div><\/div><\/div><\/div><\/div><\/section>\n","protected":false},"excerpt":{"rendered":"AlpinproEntstaubungDas Reinigen schwerzug\u00e4nglicher Stellen von Staub und Schmutz, wie Stahlbinder, Laternen, Scheinwerfer, Tragkonstruktionen, Deckenbalken, Kommunikationstechnik, Decken und W\u00e4nde, ist die Aufgabe von Industriekletterern. Im Regelfall ist die Entstaubung in der H\u00f6he ein notwendiger Vorgang f\u00fcr Produktionsst\u00e4tten, Einkaufszentren, Sportst\u00e4tten und andere gro\u00dfe R\u00e4umlichkeiten. Staub auf Strukturen und Oberfl\u00e4chen mit schwerem Zugang ist das Problem f\u00fcr das...","protected":false},"author":1,"featured_media":0,"parent":0,"menu_order":0,"comment_status":"closed","ping_status":"closed","template":"","meta":[],"aioseo_notices":[],"_links":{"self":[{"href":"https:\/\/alpinpro.eu\/de\/wp-json\/wp\/v2\/pages\/1088"}],"collection":[{"href":"https:\/\/alpinpro.eu\/de\/wp-json\/wp\/v2\/pages"}],"about":[{"href":"https:\/\/alpinpro.eu\/de\/wp-json\/wp\/v2\/types\/page"}],"author":[{"embeddable":true,"href":"https:\/\/alpinpro.eu\/de\/wp-json\/wp\/v2\/users\/1"}],"replies":[{"embeddable":true,"href":"https:\/\/alpinpro.eu\/de\/wp-json\/wp\/v2\/comments?post=1088"}],"version-history":[{"count":0,"href":"https:\/\/alpinpro.eu\/de\/wp-json\/wp\/v2\/pages\/1088\/revisions"}],"wp:attachment":[{"href":"https:\/\/alpinpro.eu\/de\/wp-json\/wp\/v2\/media?parent=1088"}],"curies":[{"name":"wp","href":"https:\/\/api.w.org\/{rel}","templated":true}]}}